{"id":384,"date":"2025-02-02T11:23:00","date_gmt":"2025-02-02T10:23:00","guid":{"rendered":"https:\/\/ametzagaina.eus\/?page_id=384"},"modified":"2025-09-26T11:36:34","modified_gmt":"2025-09-26T10:36:34","slug":"inicio","status":"publish","type":"page","link":"https:\/\/ametzagaina.eus\/es\/","title":{"rendered":"Inicio"},"content":{"rendered":"<section class=\"l-section wpb_row us_custom_52ca1af1 height_large with_img\"><div class=\"l-section-img\" role=\"img\" data-img-width=\"871\" data-img-height=\"752\" style=\"background-image: url(https:\/\/ametzagaina.eus\/wp-content\/uploads\/2025\/02\/hostoa.png);background-position: bottom left;background-repeat: no-repeat;background-size: auto;\"><\/div><div class=\"l-section-h i-cf\"><div class=\"g-cols vc_row via_grid cols_1 laptops-cols_inherit tablets-cols_inherit mobiles-cols_1 valign_top type_default stacking_default\"><div class=\"wpb_column vc_column_container\"><div class=\"vc_column-inner\"><div class=\"wpb_text_column us_custom_60d8a06e has_text_color\"><div class=\"wpb_wrapper\"><p><strong>Ametzagai\u00f1a A.I.E.<\/strong>\u00a0es una entidad sin \u00e1nimo<br \/>\nde lucro y una unidad de I+D empresarial.<\/p>\n<\/div><\/div><div class=\"w-separator size_small\"><\/div><div class=\"wpb_text_column us_custom_60d8a06e has_text_color\"><div class=\"wpb_wrapper\"><p>Un grupo formado por m\u00e1s de 100 profesionales.<\/p>\n<\/div><\/div><div class=\"w-separator size_medium\"><\/div><div class=\"w-hwrapper valign_top wrap align_left\"><div class=\"w-image align_none\"><a target=\"_blank\" href=\"https:\/\/www.adur.com\" aria-label=\"adur-logo\" class=\"w-image-h\"><img decoding=\"async\" width=\"213\" height=\"88\" src=\"https:\/\/ametzagaina.eus\/wp-content\/uploads\/2025\/02\/adur-logo.png\" class=\"attachment-large size-large\" alt=\"\" loading=\"lazy\" \/><\/a><\/div><div class=\"w-image align_none\"><a target=\"_blank\" href=\"https:\/\/www.antza.eus\" aria-label=\"antza-logo\" class=\"w-image-h\"><img decoding=\"async\" width=\"213\" height=\"88\" src=\"https:\/\/ametzagaina.eus\/wp-content\/uploads\/2025\/02\/antza-logo.png\" class=\"attachment-large size-large\" alt=\"\" loading=\"lazy\" \/><\/a><\/div><div class=\"w-image align_none\"><a target=\"_blank\" href=\"https:\/\/www.argia.eus\" aria-label=\"argia-logo\" class=\"w-image-h\"><img decoding=\"async\" width=\"213\" height=\"88\" src=\"https:\/\/ametzagaina.eus\/wp-content\/uploads\/2025\/02\/argia-logo.png\" class=\"attachment-large size-large\" alt=\"\" loading=\"lazy\" \/><\/a><\/div><div class=\"w-image align_none\"><a target=\"_blank\" href=\"https:\/\/www.iametza.eus\" aria-label=\"iametza-logo\" class=\"w-image-h\"><img decoding=\"async\" width=\"265\" height=\"88\" src=\"https:\/\/ametzagaina.eus\/wp-content\/uploads\/2025\/02\/iametza-logo.png\" class=\"attachment-large size-large\" alt=\"\" loading=\"lazy\" \/><\/a><\/div><\/div><div class=\"w-separator size_large\"><\/div><div class=\"w-btn-wrapper align_left\"><a class=\"w-btn us-btn-style_1\" href=\"http:\/\/ametzagaina.eus\/es\/sobre-nosotros\/\"><span class=\"w-btn-label\">QUIERO SABER M\u00c1S<\/span><\/a><\/div><\/div><\/div><\/div><\/div><\/section><section class=\"l-section wpb_row height_small\"><div class=\"l-section-h i-cf\"><div class=\"g-cols vc_row via_grid cols_1 laptops-cols_inherit tablets-cols_inherit mobiles-cols_1 valign_top type_default stacking_default\"><div class=\"wpb_column vc_column_container\"><div class=\"vc_column-inner\"><div class=\"w-hwrapper us_custom_31315402 valign_top align_none\"><div class=\"w-iconbox us_custom_aa77c456 has_text_color iconpos_right style_default color_custom align_left no_text\"><div class=\"w-iconbox-meta\"><h3 class=\"w-iconbox-title\"><a href=\"http:\/\/ametzagaina.eus\/es\/bolsa-de-trabajo\/\" class=\"w-iconbox-link\" aria-label=\"Bolsa de trabajo\">Bolsa de trabajo<\/a><\/h3><\/div><a href=\"http:\/\/ametzagaina.eus\/es\/bolsa-de-trabajo\/\" class=\"w-iconbox-link\" aria-label=\"Bolsa de trabajo\"><div class=\"w-iconbox-icon\" style=\"font-size:2rem;--icon-color:#11268F;\"><i class=\"fas fa-long-arrow-right\"><\/i><\/div><\/a><\/div><\/div><\/div><\/div><\/div><\/div><\/section><section class=\"l-section wpb_row us_custom_19113836 us_animate_this height_small\" id=\"lineas-de-investigacion\"><div class=\"l-section-h i-cf\"><div class=\"g-cols vc_row via_grid cols_1 laptops-cols_inherit tablets-cols_inherit mobiles-cols_1 valign_top type_default stacking_default\"><div class=\"wpb_column vc_column_container\"><div class=\"vc_column-inner\">[vc_custom_heading text=\u00bbL\u00edneas\u00bb font_container=\u00bbtag:h2|text_align:left|color:%231D5F9D\u00bb use_theme_fonts=\u00bbyes\u00bb css=\u00bb%7B%22default%22%3A%7B%22text-align%22%3A%22inherit%22%2C%22font-size%22%3A%22max%28%203.2rem%2C%201.2vw%20%29%22%2C%22font-weight%22%3A%22%22%2C%22margin-bottom%22%3A%220px%22%2C%22padding-bottom%22%3A%220px%22%7D%2C%22laptops%22%3A%7B%22text-align%22%3A%22inherit%22%2C%22font-size%22%3A%223.2rem%22%2C%22font-weight%22%3A%22500%22%7D%2C%22tablets%22%3A%7B%22text-align%22%3A%22center%22%2C%22font-size%22%3A%223.2rem%22%2C%22font-weight%22%3A%22500%22%7D%2C%22mobiles%22%3A%7B%22text-align%22%3A%22center%22%2C%22font-size%22%3A%223.2rem%22%2C%22font-weight%22%3A%22500%22%7D%7D\u00bb][vc_custom_heading text=\u00bbde investigaci\u00f3n\u00bb font_container=\u00bbtag:h2|text_align:left|color:%23A6E651&#8243; use_theme_fonts=\u00bbyes\u00bb css=\u00bb%7B%22default%22%3A%7B%22text-align%22%3A%22inherit%22%2C%22margin-top%22%3A%220px%22%2C%22padding-top%22%3A%220px%22%7D%2C%22laptops%22%3A%7B%22text-align%22%3A%22inherit%22%7D%2C%22tablets%22%3A%7B%22text-align%22%3A%22center%22%7D%2C%22mobiles%22%3A%7B%22text-align%22%3A%22center%22%7D%7D\u00bb]<div class=\"w-separator size_medium\"><\/div><div class=\"wpb_text_column us_custom_de69c693\"><div class=\"wpb_wrapper\"><p><span class=\"TypographyPresentation TypographyPresentation--colorDefault TypographyPresentation--medium InboxStory-content HighlightSol HighlightSol--buildingBlock\">Las l\u00edneas de investigaci\u00f3n y desarrollo desarrolladas en los \u00faltimos a\u00f1os se han basado en las siguientes \u00e1reas de conocimiento:<\/span><\/p>\n<\/div><\/div><div class=\"w-separator size_medium\"><\/div><div class=\"g-cols wpb_row via_grid cols_4 laptops-cols_inherit tablets-cols_inherit mobiles-cols_1 valign_top type_default stacking_default\" style=\"--columns-gap:3rem;\"><div class=\"wpb_column vc_column_container\"><div class=\"vc_column-inner\"><div class=\"w-image us_custom_2416bfe9 align_none\"><div class=\"w-image-h\"><img decoding=\"async\" width=\"456\" height=\"492\" src=\"https:\/\/ametzagaina.eus\/wp-content\/uploads\/2025\/09\/photo_2025-02-06_15-45-34-3.png\" class=\"attachment-full size-full\" alt=\"\" loading=\"lazy\" srcset=\"https:\/\/ametzagaina.eus\/wp-content\/uploads\/2025\/09\/photo_2025-02-06_15-45-34-3.png 456w, https:\/\/ametzagaina.eus\/wp-content\/uploads\/2025\/09\/photo_2025-02-06_15-45-34-3-278x300.png 278w\" sizes=\"auto, (max-width: 456px) 100vw, 456px\" \/><\/div><\/div><div class=\"w-separator size_small\"><\/div><div class=\"wpb_text_column us_custom_0bacc221\"><div class=\"wpb_wrapper\"><p>Desarrollo de herramientas de Software<\/p>\n<\/div><\/div><\/div><\/div><div class=\"wpb_column vc_column_container\"><div class=\"vc_column-inner\"><div class=\"w-image us_custom_2416bfe9 align_none\"><div class=\"w-image-h\"><img decoding=\"async\" width=\"456\" height=\"492\" src=\"https:\/\/ametzagaina.eus\/wp-content\/uploads\/2025\/09\/hizkuntza.png\" class=\"attachment-full size-full\" alt=\"\" loading=\"lazy\" srcset=\"https:\/\/ametzagaina.eus\/wp-content\/uploads\/2025\/09\/hizkuntza.png 456w, https:\/\/ametzagaina.eus\/wp-content\/uploads\/2025\/09\/hizkuntza-278x300.png 278w\" sizes=\"auto, (max-width: 456px) 100vw, 456px\" \/><\/div><\/div><div class=\"w-separator size_small\"><\/div><div class=\"wpb_text_column us_custom_0bacc221\"><div class=\"wpb_wrapper\"><p>Procesamiento del lenguaje natural (ling\u00fc\u00edstica computacional)<\/p>\n<\/div><\/div><\/div><\/div><div class=\"wpb_column vc_column_container\"><div class=\"vc_column-inner\"><div class=\"w-image us_custom_2416bfe9 align_none\"><div class=\"w-image-h\"><img decoding=\"async\" width=\"456\" height=\"492\" src=\"https:\/\/ametzagaina.eus\/wp-content\/uploads\/2025\/09\/transporte.png\" class=\"attachment-full size-full\" alt=\"\" loading=\"lazy\" srcset=\"https:\/\/ametzagaina.eus\/wp-content\/uploads\/2025\/09\/transporte.png 456w, https:\/\/ametzagaina.eus\/wp-content\/uploads\/2025\/09\/transporte-278x300.png 278w\" sizes=\"auto, (max-width: 456px) 100vw, 456px\" \/><\/div><\/div><div class=\"w-separator size_small\"><\/div><div class=\"wpb_text_column us_custom_0bacc221\"><div class=\"wpb_wrapper\"><p>Tecnolog\u00eda para la gesti\u00f3n del transporte y la log\u00edstica<\/p>\n<\/div><\/div><\/div><\/div><div class=\"wpb_column vc_column_container\"><div class=\"vc_column-inner\"><div class=\"w-image us_custom_2416bfe9 align_none\"><div class=\"w-image-h\"><img decoding=\"async\" width=\"456\" height=\"492\" src=\"https:\/\/ametzagaina.eus\/wp-content\/uploads\/2025\/09\/ia-ikonoa.png\" class=\"attachment-full size-full\" alt=\"\" loading=\"lazy\" srcset=\"https:\/\/ametzagaina.eus\/wp-content\/uploads\/2025\/09\/ia-ikonoa.png 456w, https:\/\/ametzagaina.eus\/wp-content\/uploads\/2025\/09\/ia-ikonoa-278x300.png 278w\" sizes=\"auto, (max-width: 456px) 100vw, 456px\" \/><\/div><\/div><div class=\"w-separator size_small\"><\/div><div class=\"wpb_text_column us_custom_0bacc221\"><div class=\"wpb_wrapper\"><p>Inteligencia Artificial aplicada<\/p>\n<\/div><\/div><\/div><\/div><\/div><div class=\"w-separator size_medium\"><\/div><\/div><\/div><\/div><\/div><\/section><section class=\"l-section wpb_row us_custom_3e7f4ef2 us_animate_this height_large\"><div class=\"l-section-h i-cf\"><div class=\"g-cols vc_row via_grid cols_4 laptops-cols_inherit tablets-cols_inherit mobiles-cols_1 valign_middle type_default stacking_default\"><div class=\"wpb_column vc_column_container\"><div class=\"vc_column-inner\"><div class=\"w-vwrapper align_none valign_top\">[vc_custom_heading text=\u00bbNuestros\u00bb font_container=\u00bbtag:h2|text_align:center|color:%231D5F9D\u00bb use_theme_fonts=\u00bbyes\u00bb css=\u00bb%7B%22default%22%3A%7B%22text-align%22%3A%22inherit%22%2C%22font-size%22%3A%22max%28%203.2rem%2C%201.2vw%20%29%22%2C%22font-weight%22%3A%22%22%2C%22margin-bottom%22%3A%220px%22%2C%22padding-bottom%22%3A%220px%22%7D%2C%22laptops%22%3A%7B%22text-align%22%3A%22inherit%22%2C%22font-size%22%3A%223.2rem%22%2C%22font-weight%22%3A%22500%22%7D%2C%22tablets%22%3A%7B%22text-align%22%3A%22center%22%2C%22font-size%22%3A%223.2rem%22%2C%22font-weight%22%3A%22500%22%7D%2C%22mobiles%22%3A%7B%22text-align%22%3A%22center%22%2C%22font-size%22%3A%223.2rem%22%2C%22font-weight%22%3A%22500%22%7D%7D\u00bb][vc_custom_heading text=\u00bbcompa\u00f1eros de viaje\u00bb font_container=\u00bbtag:h2|text_align:center|color:%23A6E651&#8243; use_theme_fonts=\u00bbyes\u00bb css=\u00bb%7B%22default%22%3A%7B%22text-align%22%3A%22inherit%22%2C%22margin-top%22%3A%220px%22%2C%22padding-top%22%3A%220px%22%7D%2C%22laptops%22%3A%7B%22text-align%22%3A%22inherit%22%7D%2C%22tablets%22%3A%7B%22text-align%22%3A%22center%22%7D%2C%22mobiles%22%3A%7B%22text-align%22%3A%22center%22%7D%7D\u00bb]<\/div><\/div><\/div><div class=\"wpb_column vc_column_container\"><div class=\"vc_column-inner\"><div class=\"w-image align_none\"><a target=\"_blank\" href=\"https:\/\/www.elhuyar.eus\/eu\" aria-label=\"elhuyar\" class=\"w-image-h\"><img decoding=\"async\" width=\"319\" height=\"158\" src=\"https:\/\/ametzagaina.eus\/wp-content\/uploads\/2025\/02\/elhuyar.png\" class=\"attachment-large size-large\" alt=\"\" loading=\"lazy\" srcset=\"https:\/\/ametzagaina.eus\/wp-content\/uploads\/2025\/02\/elhuyar.png 319w, https:\/\/ametzagaina.eus\/wp-content\/uploads\/2025\/02\/elhuyar-300x149.png 300w\" sizes=\"auto, (max-width: 319px) 100vw, 319px\" \/><\/a><\/div><\/div><\/div><div class=\"wpb_column vc_column_container\"><div class=\"vc_column-inner\"><div class=\"w-image align_none\"><a target=\"_blank\" href=\"https:\/\/www.tecnalia.com\/eu\/\" aria-label=\"tecnalia\" class=\"w-image-h\"><img decoding=\"async\" width=\"319\" height=\"158\" src=\"https:\/\/ametzagaina.eus\/wp-content\/uploads\/2025\/02\/tecnalia.png\" class=\"attachment-large size-large\" alt=\"\" loading=\"lazy\" srcset=\"https:\/\/ametzagaina.eus\/wp-content\/uploads\/2025\/02\/tecnalia.png 319w, https:\/\/ametzagaina.eus\/wp-content\/uploads\/2025\/02\/tecnalia-300x149.png 300w\" sizes=\"auto, (max-width: 319px) 100vw, 319px\" \/><\/a><\/div><\/div><\/div><div class=\"wpb_column vc_column_container\"><div class=\"vc_column-inner\"><div class=\"w-image align_none\"><a target=\"_blank\" href=\"https:\/\/www.vicomtech.org\/eu\/\" aria-label=\"vicomtech\" class=\"w-image-h\"><img decoding=\"async\" width=\"319\" height=\"158\" src=\"https:\/\/ametzagaina.eus\/wp-content\/uploads\/2025\/02\/vicomtech.png\" class=\"attachment-large size-large\" alt=\"\" loading=\"lazy\" srcset=\"https:\/\/ametzagaina.eus\/wp-content\/uploads\/2025\/02\/vicomtech.png 319w, https:\/\/ametzagaina.eus\/wp-content\/uploads\/2025\/02\/vicomtech-300x149.png 300w\" sizes=\"auto, (max-width: 319px) 100vw, 319px\" \/><\/a><\/div><\/div><\/div><\/div><\/div><\/section><section class=\"l-section wpb_row us_custom_19113836 us_animate_this height_large with_img\" id=\"contacto\"><div class=\"l-section-img\" role=\"img\" data-img-width=\"871\" data-img-height=\"752\" style=\"background-image: url(https:\/\/ametzagaina.eus\/wp-content\/uploads\/2025\/02\/Grupo-4.png);background-size: auto;\"><\/div><div class=\"l-section-h i-cf\"><div class=\"g-cols vc_row via_grid cols_1 laptops-cols_inherit tablets-cols_inherit mobiles-cols_1 valign_top type_default stacking_default\"><div class=\"wpb_column vc_column_container\"><div class=\"vc_column-inner\">[vc_custom_heading text=\u00bbContacto\u00bb font_container=\u00bbtag:h2|text_align:left|color:%231D5F9D\u00bb use_theme_fonts=\u00bbyes\u00bb css=\u00bb%7B%22default%22%3A%7B%22text-align%22%3A%22inherit%22%2C%22font-size%22%3A%22max%28%203.2rem%2C%201.2vw%20%29%22%2C%22font-weight%22%3A%22%22%2C%22margin-bottom%22%3A%220px%22%2C%22padding-bottom%22%3A%220px%22%7D%2C%22laptops%22%3A%7B%22text-align%22%3A%22inherit%22%2C%22font-size%22%3A%223.2rem%22%2C%22font-weight%22%3A%22500%22%7D%2C%22tablets%22%3A%7B%22text-align%22%3A%22center%22%2C%22font-size%22%3A%223.2rem%22%2C%22font-weight%22%3A%22500%22%7D%2C%22mobiles%22%3A%7B%22text-align%22%3A%22center%22%2C%22font-size%22%3A%223.2rem%22%2C%22font-weight%22%3A%22500%22%7D%7D\u00bb]<div class=\"w-separator size_medium\"><\/div><div class=\"w-iconbox us_custom_d7578c6b iconpos_left style_circle color_secondary align_left no_text\"><a href=\"tel:943371849\" class=\"w-iconbox-link\" aria-label=\"943 371 849\"><div class=\"w-iconbox-icon\" style=\"font-size:1.5rem;\"><i class=\"fas fa-phone\"><\/i><\/div><\/a><div class=\"w-iconbox-meta\"><p class=\"w-iconbox-title\"><a href=\"tel:943371849\" class=\"w-iconbox-link\" aria-label=\"943 371 849\">943 371 849<\/a><\/p><\/div><\/div><div class=\"w-separator size_small\"><\/div><div class=\"w-iconbox us_custom_d7578c6b iconpos_left style_circle color_secondary align_left no_text\"><a href=\"mailto:kaixo@ametzagaina.eus\" class=\"w-iconbox-link\" aria-label=\"kaixo@ametzagaina.eus\"><div class=\"w-iconbox-icon\" style=\"font-size:1.5rem;\"><i class=\"fas fa-at\"><\/i><\/div><\/a><div class=\"w-iconbox-meta\"><p class=\"w-iconbox-title\"><a href=\"mailto:kaixo@ametzagaina.eus\" class=\"w-iconbox-link\" aria-label=\"kaixo@ametzagaina.eus\">kaixo@ametzagaina.eus<\/a><\/p><\/div><\/div><div class=\"w-separator size_large\"><\/div><div class=\"g-cols wpb_row via_grid cols_4 laptops-cols_inherit tablets-cols_inherit mobiles-cols_1 valign_top type_default stacking_default\" style=\"--columns-gap:3rem;\"><div class=\"wpb_column vc_column_container us_custom_425f599e us_animate_this\"><div class=\"vc_column-inner\"><div class=\"w-iconbox iconpos_top style_default color_secondary align_none no_title\"><div class=\"w-iconbox-icon\" style=\"font-size:1.8rem;\"><i class=\"fas fa-map-marker-alt\"><\/i><\/div><div class=\"w-iconbox-meta\"><div class=\"w-iconbox-text\"><p><strong>ADUR<\/strong><br \/>\nPol\u00edgono Akarregi n\u00ba 10<br \/>\n3\u00aa Planta \u2013 Oficina: 301-302<br \/>\n20120 Hernani<br \/>\nGipuzkoa. Euskal Herria<\/p>\n<\/div><\/div><\/div><div class=\"w-separator size_small\"><\/div><div class=\"w-iconbox us_custom_f5aa1716 has_text_color iconpos_left style_default color_primary align_none no_text\"><a target=\"_blank\" href=\"https:\/\/www.adur.com\" class=\"w-iconbox-link\" aria-label=\"www.adur.com\"><div class=\"w-iconbox-icon\" style=\"font-size:1rem;\"><i class=\"fas fa-arrow-right\"><\/i><\/div><\/a><div class=\"w-iconbox-meta\"><p class=\"w-iconbox-title\"><a target=\"_blank\" href=\"https:\/\/www.adur.com\" class=\"w-iconbox-link\" aria-label=\"www.adur.com\">www.adur.com<\/a><\/p><\/div><\/div><\/div><\/div><div class=\"wpb_column vc_column_container us_custom_9cee0381 us_animate_this\"><div class=\"vc_column-inner\"><div class=\"w-iconbox iconpos_top style_default color_secondary align_none no_title\"><div class=\"w-iconbox-icon\" style=\"font-size:1.8rem;\"><i class=\"fas fa-map-marker-alt\"><\/i><\/div><div class=\"w-iconbox-meta\"><div class=\"w-iconbox-text\"><p><strong>ANTZA<\/strong><br \/>\nZirkuitu ibilbidea 2<br \/>\n1 pabilioia<br \/>\n20160 Lasarte-Oria<br \/>\nGipuzkoa. Euskal Herria<\/p>\n<\/div><\/div><\/div><div class=\"w-separator size_small\"><\/div><div class=\"w-iconbox us_custom_f5aa1716 has_text_color iconpos_left style_default color_primary align_none no_text\"><a target=\"_blank\" href=\"https:\/\/www.antza.eus\" class=\"w-iconbox-link\" aria-label=\"www.antza.eus\"><div class=\"w-iconbox-icon\" style=\"font-size:1rem;\"><i class=\"fas fa-arrow-right\"><\/i><\/div><\/a><div class=\"w-iconbox-meta\"><p class=\"w-iconbox-title\"><a target=\"_blank\" href=\"https:\/\/www.antza.eus\" class=\"w-iconbox-link\" aria-label=\"www.antza.eus\">www.antza.eus<\/a><\/p><\/div><\/div><\/div><\/div><div class=\"wpb_column vc_column_container us_custom_e86b8f1f us_animate_this\"><div class=\"vc_column-inner\"><div class=\"w-iconbox iconpos_top style_default color_secondary align_none no_title\"><div class=\"w-iconbox-icon\" style=\"font-size:1.8rem;\"><i class=\"fas fa-map-marker-alt\"><\/i><\/div><div class=\"w-iconbox-meta\"><div class=\"w-iconbox-text\"><p><strong>ARGIA<\/strong><br \/>\nZirkuito ibilbidea 2<br \/>\nIndustrialdea 15<br \/>\n20160 Lasarte-Oria<br \/>\nGipuzkoa. Euskal Herria<\/p>\n<\/div><\/div><\/div><div class=\"w-separator size_small\"><\/div><div class=\"w-iconbox us_custom_f5aa1716 has_text_color iconpos_left style_default color_primary align_none no_text\"><a target=\"_blank\" href=\"https:\/\/www.argia.eus\" class=\"w-iconbox-link\" aria-label=\"www.argia.eus\"><div class=\"w-iconbox-icon\" style=\"font-size:1rem;\"><i class=\"fas fa-arrow-right\"><\/i><\/div><\/a><div class=\"w-iconbox-meta\"><p class=\"w-iconbox-title\"><a target=\"_blank\" href=\"https:\/\/www.argia.eus\" class=\"w-iconbox-link\" aria-label=\"www.argia.eus\">www.argia.eus<\/a><\/p><\/div><\/div><\/div><\/div><div class=\"wpb_column vc_column_container us_custom_36dad500 us_animate_this\"><div class=\"vc_column-inner\"><div class=\"w-iconbox iconpos_top style_default color_secondary align_none no_title\"><div class=\"w-iconbox-icon\" style=\"font-size:1.8rem;\"><i class=\"fas fa-map-marker-alt\"><\/i><\/div><div class=\"w-iconbox-meta\"><div class=\"w-iconbox-text\"><p><strong>IAMETZA<\/strong><br \/>\nZirkuitu ibilbidea 2<br \/>\n1 pabilioia<br \/>\n20160 Lasarte-Oria<br \/>\nGipuzkoa. Euskal Herria<\/p>\n<\/div><\/div><\/div><div class=\"w-separator size_small\"><\/div><div class=\"w-iconbox us_custom_f5aa1716 has_text_color iconpos_left style_default color_primary align_none no_text\"><a target=\"_blank\" href=\"https:\/\/www.iametza.eus\" class=\"w-iconbox-link\" aria-label=\"www.iametza.eus\"><div class=\"w-iconbox-icon\" style=\"font-size:1rem;\"><i class=\"fas fa-arrow-right\"><\/i><\/div><\/a><div class=\"w-iconbox-meta\"><p class=\"w-iconbox-title\"><a target=\"_blank\" href=\"https:\/\/www.iametza.eus\" class=\"w-iconbox-link\" aria-label=\"www.iametza.eus\">www.iametza.eus<\/a><\/p><\/div><\/div><\/div><\/div><\/div><div class=\"w-separator size_medium\"><\/div><\/div><\/div><\/div><\/div><\/section>\n","protected":false},"excerpt":{"rendered":"Ametzagai\u00f1a A.I.E.\u00a0es una entidad sin \u00e1nimo de lucro y una unidad de I+D empresarial. Un grupo formado por m\u00e1s de 100 profesionales. QUIERO SABER M\u00c1SBolsa de trabajo[vc_custom_heading text=\"L\u00edneas\" font_container=\"tag:h2|text_align:left|color:%231D5F9D\" use_theme_fonts=\"yes\" css=\"%7B%22default%22%3A%7B%22text-align%22%3A%22inherit%22%2C%22font-size%22%3A%22max%28%203.2rem%2C%201.2vw%20%29%22%2C%22font-weight%22%3A%22%22%2C%22margin-bottom%22%3A%220px%22%2C%22padding-bottom%22%3A%220px%22%7D%2C%22laptops%22%3A%7B%22text-align%22%3A%22inherit%22%2C%22font-size%22%3A%223.2rem%22%2C%22font-weight%22%3A%22500%22%7D%2C%22tablets%22%3A%7B%22text-align%22%3A%22center%22%2C%22font-size%22%3A%223.2rem%22%2C%22font-weight%22%3A%22500%22%7D%2C%22mobiles%22%3A%7B%22text-align%22%3A%22center%22%2C%22font-size%22%3A%223.2rem%22%2C%22font-weight%22%3A%22500%22%7D%7D\"][vc_custom_heading text=\"de investigaci\u00f3n\" font_container=\"tag:h2|text_align:left|color:%23A6E651\" use_theme_fonts=\"yes\" css=\"%7B%22default%22%3A%7B%22text-align%22%3A%22inherit%22%2C%22margin-top%22%3A%220px%22%2C%22padding-top%22%3A%220px%22%7D%2C%22laptops%22%3A%7B%22text-align%22%3A%22inherit%22%7D%2C%22tablets%22%3A%7B%22text-align%22%3A%22center%22%7D%2C%22mobiles%22%3A%7B%22text-align%22%3A%22center%22%7D%7D\"]Las l\u00edneas de investigaci\u00f3n y desarrollo desarrolladas en los \u00faltimos a\u00f1os se han basado en las siguientes \u00e1reas de conocimiento:...","protected":false},"author":3,"featured_media":0,"parent":0,"menu_order":0,"comment_status":"closed","ping_status":"closed","template":"","meta":{"_acf_changed":false,"footnotes":""},"class_list":["post-384","page","type-page","status-publish","hentry"],"acf":[],"_links":{"self":[{"href":"https:\/\/ametzagaina.eus\/es\/wp-json\/wp\/v2\/pages\/384","targetHints":{"allow":["GET"]}}],"collection":[{"href":"https:\/\/ametzagaina.eus\/es\/wp-json\/wp\/v2\/pages"}],"about":[{"href":"https:\/\/ametzagaina.eus\/es\/wp-json\/wp\/v2\/types\/page"}],"author":[{"embeddable":true,"href":"https:\/\/ametzagaina.eus\/es\/wp-json\/wp\/v2\/users\/3"}],"replies":[{"embeddable":true,"href":"https:\/\/ametzagaina.eus\/es\/wp-json\/wp\/v2\/comments?post=384"}],"version-history":[{"count":29,"href":"https:\/\/ametzagaina.eus\/es\/wp-json\/wp\/v2\/pages\/384\/revisions"}],"predecessor-version":[{"id":762,"href":"https:\/\/ametzagaina.eus\/es\/wp-json\/wp\/v2\/pages\/384\/revisions\/762"}],"wp:attachment":[{"href":"https:\/\/ametzagaina.eus\/es\/wp-json\/wp\/v2\/media?parent=384"}],"curies":[{"name":"wp","href":"https:\/\/api.w.org\/{rel}","templated":true}]}}