{"id":392,"date":"2025-05-05T12:47:33","date_gmt":"2025-05-05T11:47:33","guid":{"rendered":"https:\/\/ametzagaina.eus\/guri-buruz\/"},"modified":"2025-09-29T07:29:19","modified_gmt":"2025-09-29T06:29:19","slug":"sobre-nosotros","status":"publish","type":"page","link":"https:\/\/ametzagaina.eus\/es\/sobre-nosotros\/","title":{"rendered":"Sobre nosotros"},"content":{"rendered":"<section class=\"l-section wpb_row us_custom_b91424ac height_medium\"><div class=\"l-section-h i-cf\"><div class=\"g-cols vc_row via_grid cols_1 laptops-cols_inherit tablets-cols_inherit mobiles-cols_1 valign_top type_default stacking_default\"><div class=\"wpb_column vc_column_container\"><div class=\"vc_column-inner\">[vc_custom_heading text=\u00bb30 a\u00f1os\u00bb font_container=\u00bbtag:h2|text_align:left|color:%23164570&#8243; use_theme_fonts=\u00bbyes\u00bb css=\u00bb%7B%22default%22%3A%7B%22font-size%22%3A%223.2rem%22%2C%22margin-bottom%22%3A%220px%22%2C%22padding-bottom%22%3A%220px%22%7D%7D\u00bb][vc_custom_heading text=\u00bbde recorrido\u00bb font_container=\u00bbtag:h2|text_align:left|color:%23A6E651&#8243; use_theme_fonts=\u00bbyes\u00bb css=\u00bb%7B%22default%22%3A%7B%22margin-top%22%3A%220px%22%2C%22padding-top%22%3A%220px%22%7D%7D\u00bb]<div class=\"g-cols wpb_row us_custom_b0cb31f7 us_animate_this via_grid cols_1 laptops-cols_inherit tablets-cols_inherit mobiles-cols_1 valign_bottom type_default stacking_default\" style=\"--columns-gap:3rem;\"><div class=\"wpb_column vc_column_container\"><div class=\"vc_column-inner\"><div class=\"w-vwrapper us_custom_5aa0f486 align_none valign_top\"><div class=\"wpb_text_column us_custom_4727b4f3\"><div class=\"wpb_wrapper\"><p style=\"text-align: justify;\">Ametzagai\u00f1a es un Grupo de Inter\u00e9s Econ\u00f3mico creado en 1994, y est\u00e1 constituido por las empresas Komunikazio Biziagoa SAL (Argia), Adur Software Productions S.COOP y Antza SAL. Adem\u00e1s, Iametza SL forma parte de este grupo.<\/p>\n<\/div><\/div><div class=\"w-separator size_small\"><\/div><div class=\"wpb_text_column us_custom_b4198c51\"><div class=\"wpb_wrapper\"><p style=\"text-align: justify;\">El objetivo del grupo es fomentar y posibilitar la cooperaci\u00f3n y la solidaridad entre cada una de sus empresas para el desarrollo de sus actividades, en \u00e1mbitos como infraestructuras, finanzas, mutualismo o comercializaci\u00f3n. Sus miembros comparten criterios en materia de organizaci\u00f3n del trabajo y participaci\u00f3n, as\u00ed como ciertos valores sociales orientados a la transformaci\u00f3n social. El grupo es tambi\u00e9n una herramienta de colaboraci\u00f3n en actividades relacionadas con la investigaci\u00f3n.<br \/>\nAmetzagai\u00f1a lleva a cabo proyectos vinculados con la sociedad de la informaci\u00f3n, la comunicaci\u00f3n, cuestiones sociales y culturales de actualidad, y nuevas tecnolog\u00edas. Su horizonte de actuaci\u00f3n es promover y proteger la comunicaci\u00f3n y los contenidos en euskera mediante la investigaci\u00f3n y la producci\u00f3n relacionadas con la informaci\u00f3n.<\/p>\n<\/div><\/div><\/div><\/div><\/div><\/div><\/div><\/div><\/div><\/div><\/section><section class=\"l-section wpb_row height_small parallax_ver\"><div class=\"l-section-h i-cf\"><div class=\"g-cols vc_row via_grid cols_1 laptops-cols_inherit tablets-cols_inherit mobiles-cols_1 valign_top type_default stacking_default\"><div class=\"wpb_column vc_column_container\"><div class=\"vc_column-inner\"><div data-us-scroll=\"{&quot;from_initial_position&quot;:&quot;0&quot;,&quot;start_position&quot;:&quot;0%&quot;,&quot;end_position&quot;:&quot;50%&quot;,&quot;delay&quot;:&quot;0.1s&quot;,&quot;opacity_direction&quot;:&quot;out-in&quot;}\" class=\"w-image has_scroll_effects has_opacity align_center\"><a ref=\"magnificPopup\" href=\"https:\/\/ametzagaina.eus\/wp-content\/uploads\/2025\/09\/Ametzagaina-irudia-scaled.jpg\" aria-label=\"Ametzagai\u00f1a irudia\" class=\"w-image-h\"><img decoding=\"async\" width=\"2560\" height=\"1373\" src=\"https:\/\/ametzagaina.eus\/wp-content\/uploads\/2025\/09\/Ametzagaina-irudia-scaled.jpg\" class=\"attachment-full size-full\" alt=\"\" loading=\"lazy\" srcset=\"https:\/\/ametzagaina.eus\/wp-content\/uploads\/2025\/09\/Ametzagaina-irudia-scaled.jpg 2560w, https:\/\/ametzagaina.eus\/wp-content\/uploads\/2025\/09\/Ametzagaina-irudia-300x161.jpg 300w, https:\/\/ametzagaina.eus\/wp-content\/uploads\/2025\/09\/Ametzagaina-irudia-1024x549.jpg 1024w\" sizes=\"auto, (max-width: 2560px) 100vw, 2560px\" \/><\/a><\/div><\/div><\/div><\/div><\/div><\/section><section class=\"l-section wpb_row us_custom_4edece6e height_medium with_img\"><div class=\"l-section-img\" role=\"img\" aria-label=\"Imagen\" data-img-width=\"871\" data-img-height=\"752\" style=\"background-image: url(https:\/\/ametzagaina.eus\/wp-content\/uploads\/2025\/02\/Grupo-4.png);background-position: top right;background-repeat: no-repeat;background-size: contain;\"><\/div><div class=\"l-section-h i-cf\"><div class=\"g-cols vc_row via_grid cols_2 laptops-cols_inherit tablets-cols_inherit mobiles-cols_1 valign_top type_default stacking_default\"><div class=\"wpb_column vc_column_container\"><div class=\"vc_column-inner\"><div class=\"wpb_text_column\"><div class=\"wpb_wrapper\"><p style=\"text-align: justify;\">Para entender la creaci\u00f3n de Ametzagai\u00f1a, es importante conocer los pasos previos dados por las empresas fundadoras. En 1980, la revista semanal Zeruko Argia pas\u00f3 a manos de sus trabajadores y adopt\u00f3 el nombre Argia. A partir de ah\u00ed, se vio la necesidad de desarrollar el proyecto comunicativo de la forma m\u00e1s aut\u00f3noma posible, con el objetivo de garantizar la supervivencia de la revista.<br \/>\nAs\u00ed, en la d\u00e9cada de los 80 comenzaron a formarse estructuras relacionadas con la tecnolog\u00eda y la fotocomposici\u00f3n. De esa forma se crearon la empresa inform\u00e1tica Apika \u2013hoy en d\u00eda Adur\u2013 y la imprenta Antza, creadas expresamente para dar apoyo a Argia.<br \/>\nEstas tres empresas fueron las que conformaron Ametzagai\u00f1a, y sin ese pasado no se entender\u00eda el nacimiento del grupo. En su origen se encontraban personas que defend\u00edan una prensa vasca independiente y los valores sociales a favor del euskera, y gracias a la relaci\u00f3n entre ellas lograron sacar adelante proyectos de forma conjunta. Ha sido, por tanto, un proyecto construido de persona a persona.<\/p>\n<p>Entre otras cosas, en 1990 se compraron los pabellones de Lasarte-Oria, y ese mismo a\u00f1o se destinaron los recursos necesarios para la creaci\u00f3n de Euskaldunon Egunkaria.<\/p>\n<\/div><\/div><\/div><\/div><div class=\"wpb_column vc_column_container\"><div class=\"vc_column-inner\"><div class=\"wpb_text_column\"><div class=\"wpb_wrapper\"><p style=\"text-align: justify;\">Partiendo de esa realidad, con el fin de dar respuesta conjunta a necesidades concretas y desaf\u00edos comunes, se cre\u00f3 el grupo empresarial Ametzagai\u00f1a el 3 de junio de 1994, con la forma jur\u00eddica de A.I.E. o Agrupaci\u00f3n de Inter\u00e9s Econ\u00f3mico \u2013con la misma participaci\u00f3n por parte de las tres empresas fundadoras\u2013. El objetivo inicial era compartir infraestructuras, compras y finanzas, y cubrir sinergias y necesidades para llevar adelante diversos proyectos.<br \/>\nDesde 1997, Ametzagai\u00f1a tambi\u00e9n es un agente tecnol\u00f3gico, integrado en la Red Vasca de Ciencia y Tecnolog\u00eda como unidad empresarial de I+D. Su actividad de investigaci\u00f3n y desarrollo se ha centrado en la ingenier\u00eda para el desarrollo de aplicaciones de software y en el procesamiento del lenguaje.<\/p>\n<p>Por otro lado, en 2008 se cre\u00f3 Iametza Interaktiboa SL, con el objetivo de ofrecer al cliente un servicio integral y especializado en cada \u00e1rea: tecnolog\u00eda por parte de Adur, dise\u00f1o por parte de Antza y comunicaci\u00f3n por parte de Argia.<\/p>\n<\/div><\/div><\/div><\/div><\/div><\/div><\/section>\n","protected":false},"excerpt":{"rendered":"[vc_custom_heading text=\"30 a\u00f1os\" font_container=\"tag:h2|text_align:left|color:%23164570\" use_theme_fonts=\"yes\" css=\"%7B%22default%22%3A%7B%22font-size%22%3A%223.2rem%22%2C%22margin-bottom%22%3A%220px%22%2C%22padding-bottom%22%3A%220px%22%7D%7D\"][vc_custom_heading text=\"de recorrido\" font_container=\"tag:h2|text_align:left|color:%23A6E651\" use_theme_fonts=\"yes\" css=\"%7B%22default%22%3A%7B%22margin-top%22%3A%220px%22%2C%22padding-top%22%3A%220px%22%7D%7D\"] Ametzagai\u00f1a es un Grupo de Inter\u00e9s Econ\u00f3mico creado en 1994, y est\u00e1 constituido por las empresas Komunikazio Biziagoa SAL (Argia), Adur Software Productions S.COOP y Antza SAL. Adem\u00e1s, Iametza SL forma parte de este grupo. El objetivo del grupo es fomentar y posibilitar la...","protected":false},"author":3,"featured_media":0,"parent":0,"menu_order":0,"comment_status":"closed","ping_status":"closed","template":"","meta":{"_acf_changed":false,"footnotes":""},"class_list":["post-392","page","type-page","status-publish","hentry"],"acf":[],"_links":{"self":[{"href":"https:\/\/ametzagaina.eus\/es\/wp-json\/wp\/v2\/pages\/392","targetHints":{"allow":["GET"]}}],"collection":[{"href":"https:\/\/ametzagaina.eus\/es\/wp-json\/wp\/v2\/pages"}],"about":[{"href":"https:\/\/ametzagaina.eus\/es\/wp-json\/wp\/v2\/types\/page"}],"author":[{"embeddable":true,"href":"https:\/\/ametzagaina.eus\/es\/wp-json\/wp\/v2\/users\/3"}],"replies":[{"embeddable":true,"href":"https:\/\/ametzagaina.eus\/es\/wp-json\/wp\/v2\/comments?post=392"}],"version-history":[{"count":20,"href":"https:\/\/ametzagaina.eus\/es\/wp-json\/wp\/v2\/pages\/392\/revisions"}],"predecessor-version":[{"id":773,"href":"https:\/\/ametzagaina.eus\/es\/wp-json\/wp\/v2\/pages\/392\/revisions\/773"}],"wp:attachment":[{"href":"https:\/\/ametzagaina.eus\/es\/wp-json\/wp\/v2\/media?parent=392"}],"curies":[{"name":"wp","href":"https:\/\/api.w.org\/{rel}","templated":true}]}}