{"id":734,"date":"2025-09-18T07:29:49","date_gmt":"2025-09-18T06:29:49","guid":{"rendered":"https:\/\/ametzagaina.eus\/?page_id=734"},"modified":"2025-10-09T11:46:35","modified_gmt":"2025-10-09T10:46:35","slug":"proyectos","status":"publish","type":"page","link":"https:\/\/ametzagaina.eus\/es\/proyectos\/","title":{"rendered":"Proyectos"},"content":{"rendered":"<section class=\"l-section wpb_row us_custom_3016f49a height_medium\"><div class=\"l-section-h i-cf\"><div class=\"g-cols vc_row via_grid cols_1 laptops-cols_inherit tablets-cols_inherit mobiles-cols_1 valign_top type_default stacking_default\"><div class=\"wpb_column vc_column_container\"><div class=\"vc_column-inner\">[vc_custom_heading text=\u00bbProyectos\u00bb font_container=\u00bbtag:h2|text_align:left|color:%231D5F9D\u00bb use_theme_fonts=\u00bbyes\u00bb css=\u00bb%7B%22default%22%3A%7B%22font-size%22%3A%223.2rem%22%2C%22margin-bottom%22%3A%220px%22%2C%22padding-bottom%22%3A%220px%22%7D%7D\u00bb]<div class=\"wpb_text_column us_custom_b7d99fbe us_animate_this\"><div class=\"wpb_wrapper\"><p style=\"text-align: justify;\">Tecnolog\u00eda y comunicaci\u00f3n son conceptos muy amplios, lo que hace que nuestras soluciones sean tan innovadoras como variadas. Puede que la mejor manera de conocer nuestros trabajos sea viendo ejemplos reales. \u00bfConoces los \u00faltimos proyectos puestos en marcha?<\/p>\n<\/div><\/div><form class=\"w-filter for_grid state_desktop us-field-style_1 us_custom_7f22c01b has_text_color layout_hor items_1 mod_side style_switch_trendy align_none drop_on_hover\" action onsubmit=\"return false;\" onclick='return {&quot;filterPrefix&quot;:&quot;filter&quot;,&quot;hideDisabledValues&quot;:false,&quot;layout&quot;:&quot;hor&quot;,&quot;mobileWidth&quot;:600,&quot;use_grid&quot;:&quot;first&quot;,&quot;gridNotFoundMessage&quot;:&quot;Nothing to filter. Add a suitable Grid to this page.&quot;}'><div class=\"w-filter-list\"><div class=\"w-filter-list-title\">Zerbitzu mota<\/div><button class=\"w-filter-list-closer\" title=\"Cerrar\" aria-label=\"Cerrar\"><\/button><div class=\"w-filter-item type_dropdown\" data-source=\"tax|ikerketa_lerroak\"><button class=\"w-filter-item-title\">Ikerketa lerroak<span><\/span><\/button><a class=\"w-filter-item-reset\" href=\"#\" title=\"Reiniciar\"><span>Reiniciar<\/span><\/a><div class=\"w-filter-item-content\"><div class=\"w-filter-item-values\" data-maxheight=\"20vh\" style=\"max-height:20vh\"><select class=\"w-filter-item-value-select\" name=\"filter_ikerketa_lerroak\"><option value=\"\">Todo<\/option><option value=\"inteligencia-artificial-aplicada\">Inteligencia Artificial aplicada<\/option><option value=\"procesamiento-del-lenguaje-natural-linguistica-computacional\">Procesamiento del lenguaje natural (ling\u00fc\u00edstica computacional)<\/option><option value=\"tecnologia-para-la-gestion-del-transporte-y-la-logistica\">Tecnolog\u00eda para la gesti\u00f3n del transporte y la log\u00edstica<\/option><\/select><\/div><\/div><\/div><\/div><div class=\"w-filter-list-panel\"><button class=\"w-btn us-btn-style_1\"><span class=\"w-btn-label\">Aplicar<\/span><\/button><\/div><style>@media( max-width:600px ){.w-filter.state_desktop .w-filter-list,.w-filter-item-title>span{display:none}.w-filter-opener{display:inline-block}}<\/style><button class=\"w-filter-opener w-btn us-btn-style_1 icon_atright\"><span>Zerbitzu mota<\/span><i class=\"fas fa-angle-right\"><\/i><\/button><div class=\"w-filter-json-filters-args hidden\" onclick='return {&quot;taxonomies_query_args&quot;:{&quot;tax|ikerketa_lerroak&quot;:{&quot;desarrollo-de-herramientas-de-software&quot;:{&quot;fields&quot;:&quot;ids&quot;,&quot;nopaging&quot;:true,&quot;post_status&quot;:[&quot;publish&quot;,&quot;acf-disabled&quot;,&quot;inherit&quot;],&quot;post_type&quot;:[],&quot;posts_per_page&quot;:1,&quot;suppress_filters&quot;:true,&quot;tax_query&quot;:[{&quot;taxonomy&quot;:&quot;ikerketa_lerroak&quot;,&quot;field&quot;:&quot;slug&quot;,&quot;terms&quot;:&quot;desarrollo-de-herramientas-de-software&quot;}]},&quot;inteligencia-artificial-aplicada&quot;:{&quot;fields&quot;:&quot;ids&quot;,&quot;nopaging&quot;:true,&quot;post_status&quot;:[&quot;publish&quot;,&quot;acf-disabled&quot;,&quot;inherit&quot;],&quot;post_type&quot;:[],&quot;posts_per_page&quot;:1,&quot;suppress_filters&quot;:true,&quot;tax_query&quot;:[{&quot;taxonomy&quot;:&quot;ikerketa_lerroak&quot;,&quot;field&quot;:&quot;slug&quot;,&quot;terms&quot;:&quot;inteligencia-artificial-aplicada&quot;}]},&quot;procesamiento-del-lenguaje-natural-linguistica-computacional&quot;:{&quot;fields&quot;:&quot;ids&quot;,&quot;nopaging&quot;:true,&quot;post_status&quot;:[&quot;publish&quot;,&quot;acf-disabled&quot;,&quot;inherit&quot;],&quot;post_type&quot;:[],&quot;posts_per_page&quot;:1,&quot;suppress_filters&quot;:true,&quot;tax_query&quot;:[{&quot;taxonomy&quot;:&quot;ikerketa_lerroak&quot;,&quot;field&quot;:&quot;slug&quot;,&quot;terms&quot;:&quot;procesamiento-del-lenguaje-natural-linguistica-computacional&quot;}]},&quot;tecnologia-para-la-gestion-del-transporte-y-la-logistica&quot;:{&quot;fields&quot;:&quot;ids&quot;,&quot;nopaging&quot;:true,&quot;post_status&quot;:[&quot;publish&quot;,&quot;acf-disabled&quot;,&quot;inherit&quot;],&quot;post_type&quot;:[],&quot;posts_per_page&quot;:1,&quot;suppress_filters&quot;:true,&quot;tax_query&quot;:[{&quot;taxonomy&quot;:&quot;ikerketa_lerroak&quot;,&quot;field&quot;:&quot;slug&quot;,&quot;terms&quot;:&quot;tecnologia-para-la-gestion-del-transporte-y-la-logistica&quot;}]}}}}'><\/div><\/form><div class=\"w-separator size_small\"><\/div><div class=\"w-grid us_grid us_custom_f0aea48d us_animate_this type_grid layout_898 cols_4 pagination_ajax preload_style_spinner ratio_1x1\" id=\"us_grid_1\" style=\"--columns:4;--gap:0.3rem;--item-ratio:1;\" data-filterable=\"true\"><style>@media (max-width:1380px){#us_grid_1{--columns:3!important}}@media (max-width:1024px){#us_grid_1{--columns:2!important}}@media (max-width:600px){#us_grid_1{--columns:1!important}}.layout_898 .w-grid-item-h{background:rgba(29,95,157,0.13)}.layout_898 .usg_post_image_1{transition-duration:0.4s;transform-origin:50% 50%;transform:scale(1) translate(0%,0%);opacity:0}.layout_898 .w-grid-item-h:focus-within .usg_post_image_1,.layout_898 .w-grid-item-h:hover .usg_post_image_1{transform:scale(0.8) translate(0%,0%);opacity:1}.layout_898 .usg_vwrapper_1{transition-duration:0.5s;transform-origin:50% 50%;transform:scale(1) translate(0%,0%)}.layout_898 .w-grid-item-h:focus-within .usg_vwrapper_1,.layout_898 .w-grid-item-h:hover .usg_vwrapper_1{transform:scale(1) translate(0%,0%);opacity:0}.layout_898 .usg_post_image_1{position:absolute!important;left:0!important;top:0!important;bottom:0!important;right:0!important;margin:2rem!important}.layout_898 .usg_vwrapper_1{color:var(--color-header-middle-text)!important;position:absolute!important;left:0!important;top:0!important;bottom:0!important;right:0!important;padding:2rem!important;background:var(--color-header-middle-text)!important}.layout_898 .usg_post_title_1{color:var(--color-header-transparent-text-hover)!important;font-size:1.4rem!important}<\/style><div class=\"w-grid-list\">\t<article class=\"w-grid-item size_1x1 post-896 proiektuak type-proiektuak status-publish has-post-thumbnail hentry ikerketa_lerroak-inteligencia-artificial-aplicada\" data-id=\"896\">\r\n\t\t<div class=\"w-grid-item-h\">\r\n\t\t\t\t\t\t\t<a href=\"https:\/\/ametzagaina.eus\/es\/proyectos\/valid-ia\/\" class=\"w-grid-item-anchor\" aria-label=\"Valid-IA\"><\/a>\r\n\t\t\t\t\t\t<div class=\"w-post-elm post_image usg_post_image_1\"><img loading=\"lazy\" decoding=\"async\" width=\"456\" height=\"492\" src=\"https:\/\/ametzagaina.eus\/wp-content\/uploads\/2025\/09\/ia-ikonoa.png\" class=\"attachment-full size-full wp-post-image\" alt=\"\" srcset=\"https:\/\/ametzagaina.eus\/wp-content\/uploads\/2025\/09\/ia-ikonoa.png 456w, https:\/\/ametzagaina.eus\/wp-content\/uploads\/2025\/09\/ia-ikonoa-278x300.png 278w\" sizes=\"auto, (max-width: 456px) 100vw, 456px\" \/><\/div><div class=\"w-vwrapper usg_vwrapper_1 has_text_color align_center valign_middle\"><h2 class=\"w-post-elm post_title usg_post_title_1 has_text_color entry-title color_link_inherit\">Valid-IA<\/h2><\/div>\t\t<\/div>\r\n\t\t\t<\/article>\r\n\t<article class=\"w-grid-item size_1x1 post-890 proiektuak type-proiektuak status-publish has-post-thumbnail hentry ikerketa_lerroak-procesamiento-del-lenguaje-natural-linguistica-computacional\" data-id=\"890\">\r\n\t\t<div class=\"w-grid-item-h\">\r\n\t\t\t\t\t\t\t<a href=\"https:\/\/ametzagaina.eus\/es\/proyectos\/substream-ii\/\" class=\"w-grid-item-anchor\" aria-label=\"Substream II\"><\/a>\r\n\t\t\t\t\t\t<div class=\"w-post-elm post_image usg_post_image_1\"><img loading=\"lazy\" decoding=\"async\" width=\"456\" height=\"492\" src=\"https:\/\/ametzagaina.eus\/wp-content\/uploads\/2025\/09\/hizkuntza.png\" class=\"attachment-full size-full wp-post-image\" alt=\"\" srcset=\"https:\/\/ametzagaina.eus\/wp-content\/uploads\/2025\/09\/hizkuntza.png 456w, https:\/\/ametzagaina.eus\/wp-content\/uploads\/2025\/09\/hizkuntza-278x300.png 278w\" sizes=\"auto, (max-width: 456px) 100vw, 456px\" \/><\/div><div class=\"w-vwrapper usg_vwrapper_1 has_text_color align_center valign_middle\"><h2 class=\"w-post-elm post_title usg_post_title_1 has_text_color entry-title color_link_inherit\">Substream II<\/h2><\/div>\t\t<\/div>\r\n\t\t\t<\/article>\r\n\t<article class=\"w-grid-item size_1x1 post-883 proiektuak type-proiektuak status-publish has-post-thumbnail hentry ikerketa_lerroak-procesamiento-del-lenguaje-natural-linguistica-computacional\" data-id=\"883\">\r\n\t\t<div class=\"w-grid-item-h\">\r\n\t\t\t\t\t\t\t<a href=\"https:\/\/ametzagaina.eus\/es\/proyectos\/substream-i\/\" class=\"w-grid-item-anchor\" aria-label=\"Substream I\"><\/a>\r\n\t\t\t\t\t\t<div class=\"w-post-elm post_image usg_post_image_1\"><img loading=\"lazy\" decoding=\"async\" width=\"456\" height=\"492\" src=\"https:\/\/ametzagaina.eus\/wp-content\/uploads\/2025\/09\/hizkuntza.png\" class=\"attachment-full size-full wp-post-image\" alt=\"\" srcset=\"https:\/\/ametzagaina.eus\/wp-content\/uploads\/2025\/09\/hizkuntza.png 456w, https:\/\/ametzagaina.eus\/wp-content\/uploads\/2025\/09\/hizkuntza-278x300.png 278w\" sizes=\"auto, (max-width: 456px) 100vw, 456px\" \/><\/div><div class=\"w-vwrapper usg_vwrapper_1 has_text_color align_center valign_middle\"><h2 class=\"w-post-elm post_title usg_post_title_1 has_text_color entry-title color_link_inherit\">Substream I<\/h2><\/div>\t\t<\/div>\r\n\t\t\t<\/article>\r\n\t<article class=\"w-grid-item size_1x1 post-879 proiektuak type-proiektuak status-publish has-post-thumbnail hentry ikerketa_lerroak-tecnologia-para-la-gestion-del-transporte-y-la-logistica\" data-id=\"879\">\r\n\t\t<div class=\"w-grid-item-h\">\r\n\t\t\t\t\t\t\t<a href=\"https:\/\/ametzagaina.eus\/es\/proyectos\/fleetbot\/\" class=\"w-grid-item-anchor\" aria-label=\"Fleetbot\"><\/a>\r\n\t\t\t\t\t\t<div class=\"w-post-elm post_image usg_post_image_1\"><img loading=\"lazy\" decoding=\"async\" width=\"456\" height=\"492\" src=\"https:\/\/ametzagaina.eus\/wp-content\/uploads\/2025\/09\/transporte.png\" class=\"attachment-full size-full wp-post-image\" alt=\"\" srcset=\"https:\/\/ametzagaina.eus\/wp-content\/uploads\/2025\/09\/transporte.png 456w, https:\/\/ametzagaina.eus\/wp-content\/uploads\/2025\/09\/transporte-278x300.png 278w\" sizes=\"auto, (max-width: 456px) 100vw, 456px\" \/><\/div><div class=\"w-vwrapper usg_vwrapper_1 has_text_color align_center valign_middle\"><h2 class=\"w-post-elm post_title usg_post_title_1 has_text_color entry-title color_link_inherit\">Fleetbot<\/h2><\/div>\t\t<\/div>\r\n\t\t\t<\/article>\r\n\t<article class=\"w-grid-item size_1x1 post-871 proiektuak type-proiektuak status-publish has-post-thumbnail hentry ikerketa_lerroak-inteligencia-artificial-aplicada\" data-id=\"871\">\r\n\t\t<div class=\"w-grid-item-h\">\r\n\t\t\t\t\t\t\t<a href=\"https:\/\/ametzagaina.eus\/es\/proyectos\/iaplat\/\" class=\"w-grid-item-anchor\" aria-label=\"Iaplat\"><\/a>\r\n\t\t\t\t\t\t<div class=\"w-post-elm post_image usg_post_image_1\"><img loading=\"lazy\" decoding=\"async\" width=\"456\" height=\"492\" src=\"https:\/\/ametzagaina.eus\/wp-content\/uploads\/2025\/09\/ia-ikonoa.png\" class=\"attachment-full size-full wp-post-image\" alt=\"\" srcset=\"https:\/\/ametzagaina.eus\/wp-content\/uploads\/2025\/09\/ia-ikonoa.png 456w, https:\/\/ametzagaina.eus\/wp-content\/uploads\/2025\/09\/ia-ikonoa-278x300.png 278w\" sizes=\"auto, (max-width: 456px) 100vw, 456px\" \/><\/div><div class=\"w-vwrapper usg_vwrapper_1 has_text_color align_center valign_middle\"><h2 class=\"w-post-elm post_title usg_post_title_1 has_text_color entry-title color_link_inherit\">Iaplat<\/h2><\/div>\t\t<\/div>\r\n\t\t\t<\/article>\r\n\t<article class=\"w-grid-item size_1x1 post-861 proiektuak type-proiektuak status-publish has-post-thumbnail hentry ikerketa_lerroak-procesamiento-del-lenguaje-natural-linguistica-computacional\" data-id=\"861\">\r\n\t\t<div class=\"w-grid-item-h\">\r\n\t\t\t\t\t\t\t<a href=\"https:\/\/ametzagaina.eus\/es\/proyectos\/neurolagun-ii\/\" class=\"w-grid-item-anchor\" aria-label=\"Neurolagun II\"><\/a>\r\n\t\t\t\t\t\t<div class=\"w-post-elm post_image usg_post_image_1\"><img loading=\"lazy\" decoding=\"async\" width=\"456\" height=\"492\" src=\"https:\/\/ametzagaina.eus\/wp-content\/uploads\/2025\/09\/hizkuntza.png\" class=\"attachment-full size-full wp-post-image\" alt=\"\" srcset=\"https:\/\/ametzagaina.eus\/wp-content\/uploads\/2025\/09\/hizkuntza.png 456w, https:\/\/ametzagaina.eus\/wp-content\/uploads\/2025\/09\/hizkuntza-278x300.png 278w\" sizes=\"auto, (max-width: 456px) 100vw, 456px\" \/><\/div><div class=\"w-vwrapper usg_vwrapper_1 has_text_color align_center valign_middle\"><h2 class=\"w-post-elm post_title usg_post_title_1 has_text_color entry-title color_link_inherit\">Neurolagun II<\/h2><\/div>\t\t<\/div>\r\n\t\t\t<\/article>\r\n\t<article class=\"w-grid-item size_1x1 post-859 proiektuak type-proiektuak status-publish has-post-thumbnail hentry ikerketa_lerroak-procesamiento-del-lenguaje-natural-linguistica-computacional\" data-id=\"859\">\r\n\t\t<div class=\"w-grid-item-h\">\r\n\t\t\t\t\t\t\t<a href=\"https:\/\/ametzagaina.eus\/es\/proyectos\/neurolagun-i\/\" class=\"w-grid-item-anchor\" aria-label=\"Neurolagun I\"><\/a>\r\n\t\t\t\t\t\t<div class=\"w-post-elm post_image usg_post_image_1\"><img loading=\"lazy\" decoding=\"async\" width=\"456\" height=\"492\" src=\"https:\/\/ametzagaina.eus\/wp-content\/uploads\/2025\/09\/hizkuntza.png\" class=\"attachment-full size-full wp-post-image\" alt=\"\" srcset=\"https:\/\/ametzagaina.eus\/wp-content\/uploads\/2025\/09\/hizkuntza.png 456w, https:\/\/ametzagaina.eus\/wp-content\/uploads\/2025\/09\/hizkuntza-278x300.png 278w\" sizes=\"auto, (max-width: 456px) 100vw, 456px\" \/><\/div><div class=\"w-vwrapper usg_vwrapper_1 has_text_color align_center valign_middle\"><h2 class=\"w-post-elm post_title usg_post_title_1 has_text_color entry-title color_link_inherit\">Neurolagun I<\/h2><\/div>\t\t<\/div>\r\n\t\t\t<\/article>\r\n\t<article class=\"w-grid-item size_1x1 post-852 proiektuak type-proiektuak status-publish has-post-thumbnail hentry ikerketa_lerroak-tecnologia-para-la-gestion-del-transporte-y-la-logistica\" data-id=\"852\">\r\n\t\t<div class=\"w-grid-item-h\">\r\n\t\t\t\t\t\t\t<a href=\"https:\/\/ametzagaina.eus\/es\/proyectos\/efidoc\/\" class=\"w-grid-item-anchor\" aria-label=\"Efidoc\"><\/a>\r\n\t\t\t\t\t\t<div class=\"w-post-elm post_image usg_post_image_1\"><img loading=\"lazy\" decoding=\"async\" width=\"456\" height=\"492\" src=\"https:\/\/ametzagaina.eus\/wp-content\/uploads\/2025\/09\/transporte.png\" class=\"attachment-full size-full wp-post-image\" alt=\"\" srcset=\"https:\/\/ametzagaina.eus\/wp-content\/uploads\/2025\/09\/transporte.png 456w, https:\/\/ametzagaina.eus\/wp-content\/uploads\/2025\/09\/transporte-278x300.png 278w\" sizes=\"auto, (max-width: 456px) 100vw, 456px\" \/><\/div><div class=\"w-vwrapper usg_vwrapper_1 has_text_color align_center valign_middle\"><h2 class=\"w-post-elm post_title usg_post_title_1 has_text_color entry-title color_link_inherit\">Efidoc<\/h2><\/div>\t\t<\/div>\r\n\t\t\t<\/article>\r\n\t<article class=\"w-grid-item size_1x1 post-847 proiektuak type-proiektuak status-publish has-post-thumbnail hentry ikerketa_lerroak-procesamiento-del-lenguaje-natural-linguistica-computacional\" data-id=\"847\">\r\n\t\t<div class=\"w-grid-item-h\">\r\n\t\t\t\t\t\t\t<a href=\"https:\/\/ametzagaina.eus\/es\/proyectos\/tando\/\" class=\"w-grid-item-anchor\" aria-label=\"Tando\"><\/a>\r\n\t\t\t\t\t\t<div class=\"w-post-elm post_image usg_post_image_1\"><img loading=\"lazy\" decoding=\"async\" width=\"456\" height=\"492\" src=\"https:\/\/ametzagaina.eus\/wp-content\/uploads\/2025\/09\/hizkuntza.png\" class=\"attachment-full size-full wp-post-image\" alt=\"\" srcset=\"https:\/\/ametzagaina.eus\/wp-content\/uploads\/2025\/09\/hizkuntza.png 456w, https:\/\/ametzagaina.eus\/wp-content\/uploads\/2025\/09\/hizkuntza-278x300.png 278w\" sizes=\"auto, (max-width: 456px) 100vw, 456px\" \/><\/div><div class=\"w-vwrapper usg_vwrapper_1 has_text_color align_center valign_middle\"><h2 class=\"w-post-elm post_title usg_post_title_1 has_text_color entry-title color_link_inherit\">Tando<\/h2><\/div>\t\t<\/div>\r\n\t\t\t<\/article>\r\n\t<article class=\"w-grid-item size_1x1 post-826 proiektuak type-proiektuak status-publish has-post-thumbnail hentry ikerketa_lerroak-tecnologia-para-la-gestion-del-transporte-y-la-logistica\" data-id=\"826\">\r\n\t\t<div class=\"w-grid-item-h\">\r\n\t\t\t\t\t\t\t<a href=\"https:\/\/ametzagaina.eus\/es\/proyectos\/magneto\/\" class=\"w-grid-item-anchor\" aria-label=\"Magneto\"><\/a>\r\n\t\t\t\t\t\t<div class=\"w-post-elm post_image usg_post_image_1\"><img loading=\"lazy\" decoding=\"async\" width=\"456\" height=\"492\" src=\"https:\/\/ametzagaina.eus\/wp-content\/uploads\/2025\/09\/transporte.png\" class=\"attachment-full size-full wp-post-image\" alt=\"\" srcset=\"https:\/\/ametzagaina.eus\/wp-content\/uploads\/2025\/09\/transporte.png 456w, https:\/\/ametzagaina.eus\/wp-content\/uploads\/2025\/09\/transporte-278x300.png 278w\" sizes=\"auto, (max-width: 456px) 100vw, 456px\" \/><\/div><div class=\"w-vwrapper usg_vwrapper_1 has_text_color align_center valign_middle\"><h2 class=\"w-post-elm post_title usg_post_title_1 has_text_color entry-title color_link_inherit\">Magneto<\/h2><\/div>\t\t<\/div>\r\n\t\t\t<\/article>\r\n\t<article class=\"w-grid-item size_1x1 post-783 proiektuak type-proiektuak status-publish has-post-thumbnail hentry ikerketa_lerroak-tecnologia-para-la-gestion-del-transporte-y-la-logistica\" data-id=\"783\">\r\n\t\t<div class=\"w-grid-item-h\">\r\n\t\t\t\t\t\t\t<a href=\"https:\/\/ametzagaina.eus\/es\/proyectos\/minopex\/\" class=\"w-grid-item-anchor\" aria-label=\"Minopex\"><\/a>\r\n\t\t\t\t\t\t<div class=\"w-post-elm post_image usg_post_image_1\"><img loading=\"lazy\" decoding=\"async\" width=\"456\" height=\"492\" src=\"https:\/\/ametzagaina.eus\/wp-content\/uploads\/2025\/09\/transporte.png\" class=\"attachment-full size-full wp-post-image\" alt=\"\" srcset=\"https:\/\/ametzagaina.eus\/wp-content\/uploads\/2025\/09\/transporte.png 456w, https:\/\/ametzagaina.eus\/wp-content\/uploads\/2025\/09\/transporte-278x300.png 278w\" sizes=\"auto, (max-width: 456px) 100vw, 456px\" \/><\/div><div class=\"w-vwrapper usg_vwrapper_1 has_text_color align_center valign_middle\"><h2 class=\"w-post-elm post_title usg_post_title_1 has_text_color entry-title color_link_inherit\">Minopex<\/h2><\/div>\t\t<\/div>\r\n\t\t\t<\/article>\r\n<\/div>\t<div class=\"w-grid-preloader\">\r\n\t\t<div class=\"g-preloader type_1\">\r\n\t\t\t<div><\/div>\r\n\t\t<\/div>\r\n\t<\/div>\r\n\t\t<div class=\"w-grid-json hidden\" onclick='return {&quot;action&quot;:&quot;us_ajax_grid&quot;,&quot;infinite_scroll&quot;:0,&quot;max_num_pages&quot;:1,&quot;pagination&quot;:&quot;ajax&quot;,&quot;template_vars&quot;:{&quot;columns&quot;:&quot;4&quot;,&quot;exclude_items&quot;:&quot;none&quot;,&quot;img_size&quot;:&quot;default&quot;,&quot;ignore_items_size&quot;:0,&quot;items_layout&quot;:&quot;898&quot;,&quot;items_offset&quot;:&quot;1&quot;,&quot;load_animation&quot;:&quot;none&quot;,&quot;overriding_link&quot;:&quot;%7B%22type%22%3A%22post%22%7D&quot;,&quot;post_id&quot;:0,&quot;query_args&quot;:{&quot;post_type&quot;:[&quot;proiektuak&quot;],&quot;post_status&quot;:[&quot;publish&quot;,&quot;acf-disabled&quot;],&quot;posts_per_page&quot;:&quot;12&quot;},&quot;orderby_query_args&quot;:{&quot;orderby&quot;:&quot;custom_field&quot;,&quot;meta_key&quot;:&quot;noiz_egin_zen_proiektu_hau_noizitik_dago_martxan&quot;,&quot;order&quot;:&quot;DESC&quot;},&quot;type&quot;:&quot;grid&quot;,&quot;us_grid_post_type&quot;:&quot;proiektuak&quot;,&quot;us_grid_ajax_index&quot;:1,&quot;us_grid_filter_query_string&quot;:null,&quot;us_grid_index&quot;:1,&quot;page_args&quot;:[],&quot;lang&quot;:&quot;es&quot;}}'><\/div>\r\n\t<\/div><\/div><\/div><\/div><\/div><\/section>\n","protected":false},"excerpt":{"rendered":"2018 - 2019 Reducci\u00f3n de costes operativos en terminales portuarias El proyecto MINOPEX se centra en reducir el tiempo de estancia de la mercanc\u00eda y los tiempos muertos de los transportistas en terminales portuarias medianas o polivalentes, con el objetivo de disminuir la congesti\u00f3n terrestre y mejorar el impacto medioambiental. Se enmarca en la l\u00ednea...","protected":false},"author":3,"featured_media":0,"parent":0,"menu_order":0,"comment_status":"closed","ping_status":"closed","template":"","meta":{"_acf_changed":false,"footnotes":""},"class_list":["post-734","page","type-page","status-publish","hentry"],"acf":[],"_links":{"self":[{"href":"https:\/\/ametzagaina.eus\/es\/wp-json\/wp\/v2\/pages\/734","targetHints":{"allow":["GET"]}}],"collection":[{"href":"https:\/\/ametzagaina.eus\/es\/wp-json\/wp\/v2\/pages"}],"about":[{"href":"https:\/\/ametzagaina.eus\/es\/wp-json\/wp\/v2\/types\/page"}],"author":[{"embeddable":true,"href":"https:\/\/ametzagaina.eus\/es\/wp-json\/wp\/v2\/users\/3"}],"replies":[{"embeddable":true,"href":"https:\/\/ametzagaina.eus\/es\/wp-json\/wp\/v2\/comments?post=734"}],"version-history":[{"count":4,"href":"https:\/\/ametzagaina.eus\/es\/wp-json\/wp\/v2\/pages\/734\/revisions"}],"predecessor-version":[{"id":902,"href":"https:\/\/ametzagaina.eus\/es\/wp-json\/wp\/v2\/pages\/734\/revisions\/902"}],"wp:attachment":[{"href":"https:\/\/ametzagaina.eus\/es\/wp-json\/wp\/v2\/media?parent=734"}],"curies":[{"name":"wp","href":"https:\/\/api.w.org\/{rel}","templated":true}]}}