{"id":741,"date":"2025-09-23T15:02:28","date_gmt":"2025-09-23T14:02:28","guid":{"rendered":"https:\/\/ametzagaina.eus\/?page_id=741"},"modified":"2025-09-29T08:10:37","modified_gmt":"2025-09-29T07:10:37","slug":"bolsa-de-trabajo","status":"publish","type":"page","link":"https:\/\/ametzagaina.eus\/es\/bolsa-de-trabajo\/","title":{"rendered":"Bolsa de trabajo"},"content":{"rendered":"<section class=\"l-section wpb_row height_medium\"><div class=\"l-section-h i-cf\"><div class=\"g-cols vc_row via_grid cols_1 laptops-cols_inherit tablets-cols_inherit mobiles-cols_1 valign_top type_default stacking_default\"><div class=\"wpb_column vc_column_container\"><div class=\"vc_column-inner\">[vc_custom_heading text=\u00bbTrabaja con nosotros\u00bb font_container=\u00bbtag:h2|text_align:left|color:%231D5F9D\u00bb use_theme_fonts=\u00bbyes\u00bb css=\u00bb%7B%22default%22%3A%7B%22font-size%22%3A%223.2rem%22%2C%22margin-bottom%22%3A%220px%22%2C%22padding-bottom%22%3A%220px%22%7D%7D\u00bb]<div class=\"w-separator size_medium\"><\/div><div class=\"w-grid us_grid type_grid layout_654 cols_3 overflow_hidden preload_style_spinner\" id=\"us_grid_1\" style=\"--columns:3;--gap:1.5rem;\" data-filterable=\"true\"><style>@media (max-width:1024px){#us_grid_1{--columns:2!important}}@media (max-width:600px){#us_grid_1{--columns:1!important}}.layout_654 .w-grid-item-h{background:#ffffff;color:var(--color-content-heading);border-radius:0.3rem;box-shadow:0 0.03rem 0.06rem rgba(0,0,0,0.1),0 0.1rem 0.3rem rgba(0,0,0,0.1);transition-duration:0.3s}.no-touch .layout_654 .w-grid-item-h:hover{box-shadow:0 0.12rem 0.24rem rgba(0,0,0,0.1),0 0.4rem 1.2rem rgba(0,0,0,0.15);z-index:4}.layout_654 .usg_vwrapper_1{padding:5% 8% 8% 8%!important}.layout_654 .usg_hwrapper_1{margin-bottom:0.2rem!important}.layout_654 .usg_post_taxonomy_1{font-size:0.8rem!important;font-weight:700!important;text-transform:uppercase!important;margin-right:0.6rem!important}.layout_654 .usg_post_date_1{color:#A6E651!important;font-size:0.8rem!important;margin-bottom:0.3rem!important}.layout_654 .usg_post_title_1{color:inherit!important;font-weight:700!important;font-size:1.4rem!important}@media (max-width:600px){.layout_654 .usg_post_title_1{font-size:1.2rem!important}}<\/style><div class=\"w-grid-list\">\t<article class=\"w-grid-item size_1x1 post-778 lan_poltsa type-lan_poltsa status-publish hentry lan-eskaintza-mota-gurekin-lan-egin-es\" data-id=\"778\">\r\n\t\t<div class=\"w-grid-item-h\">\r\n\t\t\t\t\t\t<div class=\"w-vwrapper usg_vwrapper_1 align_none valign_top\"><div class=\"w-hwrapper usg_hwrapper_1 align_none valign_top wrap\"><div class=\"w-post-elm post_taxonomy usg_post_taxonomy_1 style_simple\"><a class=\"term-23 term-gurekin-lan-egin-es\" href=\"https:\/\/ametzagaina.eus\/es\/lan-eskaintza-mota\/gurekin-lan-egin-es\/\"><span class=\"w-btn-label\">Bolsa de trabajo<\/span><\/a><\/div><time class=\"w-post-elm post_date usg_post_date_1 has_text_color entry-date published\" datetime=\"2025-09-23T12:48:51+01:00\">2025\/09\/23<\/time><\/div><h2 class=\"w-post-elm post_title usg_post_title_1 has_text_color entry-title color_link_inherit\"><a href=\"https:\/\/ametzagaina.eus\/es\/bolsa_de_trabajo\/ingeniero-informatico-para-id\/\">Ingeniero informatico para I+D<\/a><\/h2><\/div>\t\t<\/div>\r\n\t\t\t<\/article>\r\n<\/div>\t<div class=\"w-grid-preloader\">\r\n\t\t<div class=\"g-preloader type_1\">\r\n\t\t\t<div><\/div>\r\n\t\t<\/div>\r\n\t<\/div>\r\n\t\t<div class=\"w-grid-json hidden\" onclick='return {&quot;action&quot;:&quot;us_ajax_grid&quot;,&quot;infinite_scroll&quot;:0,&quot;max_num_pages&quot;:1,&quot;pagination&quot;:&quot;none&quot;,&quot;template_vars&quot;:{&quot;columns&quot;:&quot;3&quot;,&quot;exclude_items&quot;:&quot;none&quot;,&quot;img_size&quot;:&quot;default&quot;,&quot;ignore_items_size&quot;:0,&quot;items_layout&quot;:&quot;654&quot;,&quot;items_offset&quot;:&quot;1&quot;,&quot;load_animation&quot;:&quot;none&quot;,&quot;overriding_link&quot;:&quot;%7B%22url%22%3A%22%22%7D&quot;,&quot;post_id&quot;:0,&quot;query_args&quot;:{&quot;post_type&quot;:[&quot;lan_poltsa&quot;],&quot;post_status&quot;:[&quot;publish&quot;,&quot;acf-disabled&quot;],&quot;posts_per_page&quot;:&quot;9&quot;},&quot;orderby_query_args&quot;:{&quot;orderby&quot;:{&quot;date&quot;:&quot;DESC&quot;}},&quot;type&quot;:&quot;grid&quot;,&quot;us_grid_post_type&quot;:&quot;lan_poltsa&quot;,&quot;us_grid_ajax_index&quot;:1,&quot;us_grid_filter_query_string&quot;:null,&quot;us_grid_index&quot;:1,&quot;page_args&quot;:[],&quot;lang&quot;:&quot;es&quot;}}'><\/div>\r\n\t<\/div><\/div><\/div><\/div><\/div><\/section>\n","protected":false},"excerpt":{"rendered":"\u00bfEst\u00e1s inmerso en el mundo de la Inteligencia Artificial? \u00bfTe gustar\u00eda investigar con nosotros? En nuestro departamento de Investigaci\u00f3n, Desarrollo e Innovaci\u00f3n (I+D+i) buscamos un profesional formado en inform\u00e1tica, con experiencia en Inteligencia Artificial (IA) y, sobre todo, que sienta pasi\u00f3n por trabajar en el tratamiento autom\u00e1tico del euskera. Si te gustan los retos innovadores,...","protected":false},"author":3,"featured_media":0,"parent":0,"menu_order":0,"comment_status":"closed","ping_status":"closed","template":"","meta":{"_acf_changed":false,"footnotes":""},"class_list":["post-741","page","type-page","status-publish","hentry"],"acf":[],"_links":{"self":[{"href":"https:\/\/ametzagaina.eus\/es\/wp-json\/wp\/v2\/pages\/741","targetHints":{"allow":["GET"]}}],"collection":[{"href":"https:\/\/ametzagaina.eus\/es\/wp-json\/wp\/v2\/pages"}],"about":[{"href":"https:\/\/ametzagaina.eus\/es\/wp-json\/wp\/v2\/types\/page"}],"author":[{"embeddable":true,"href":"https:\/\/ametzagaina.eus\/es\/wp-json\/wp\/v2\/users\/3"}],"replies":[{"embeddable":true,"href":"https:\/\/ametzagaina.eus\/es\/wp-json\/wp\/v2\/comments?post=741"}],"version-history":[{"count":9,"href":"https:\/\/ametzagaina.eus\/es\/wp-json\/wp\/v2\/pages\/741\/revisions"}],"predecessor-version":[{"id":782,"href":"https:\/\/ametzagaina.eus\/es\/wp-json\/wp\/v2\/pages\/741\/revisions\/782"}],"wp:attachment":[{"href":"https:\/\/ametzagaina.eus\/es\/wp-json\/wp\/v2\/media?parent=741"}],"curies":[{"name":"wp","href":"https:\/\/api.w.org\/{rel}","templated":true}]}}